{"id":6,"date":"2022-02-11T16:02:50","date_gmt":"2022-02-11T15:02:50","guid":{"rendered":"http:\/\/www.albadolciaria.com\/?page_id=6"},"modified":"2022-02-12T14:48:05","modified_gmt":"2022-02-12T13:48:05","slug":"chi-siamo","status":"publish","type":"page","link":"https:\/\/www.albadolciaria.com\/index.php\/chi-siamo\/","title":{"rendered":"Chi siamo"},"content":{"rendered":"\n<p>La&nbsp;<strong>PASTICCERIA ALBA<\/strong>&nbsp;dal 1960 produce artigianalmente prodotti dolciari da pasticceria, preparati con ingredienti naturali e genuini per garantire la loro fragranza; puoi trovare un vasto assortimento di pasticceria classica italiana e dolci tipici viterbesi, pasticceria salata per rinfreschi, semifreddi, torte nuziali, pralineria e biscotteria, tutto di produzione propria.<\/p>\n\n\n\n<p>Nella nostra&nbsp;<strong>Pasticceria<\/strong>&nbsp;ogni giorno le emozioni si rinnovano, ogni lievitazione, ogni farcitura o decorazione \u00e8 unica e ci incanta dopo oltre 70 anni come fosse la prima volta.<\/p>\n\n\n\n<p>Molti dicono che la pasticceria \u00e8 un arte ed \u00e8 cos\u00ec! Che sia un biscotto, un Pansucchio, un panettone o una torta, siamo sempre incantati da quello che viene fuori dalla miscela di pochi ingredienti di elevata qualit\u00e0, molti dei quali del nostro territorio.<br>Non \u00e8 maestria, ma un vero e proprio innamoramento per il nostro lavoro e per il nostro voler fare sempre con dolcezza, tante piccole opere d\u2019arte da gustare con piacere.<\/p>\n\n\n\n<div class=\"wp-block-image is-style-default\"><figure class=\"aligncenter size-full\"><img loading=\"lazy\" decoding=\"async\" width=\"715\" height=\"715\" src=\"http:\/\/www.albadolciaria.com\/wp-content\/uploads\/2022\/02\/16177953_1356468011091825_4255513567207308998_o-1.jpg\" alt=\"\" class=\"wp-image-75\" srcset=\"https:\/\/www.albadolciaria.com\/wp-content\/uploads\/2022\/02\/16177953_1356468011091825_4255513567207308998_o-1.jpg 715w, https:\/\/www.albadolciaria.com\/wp-content\/uploads\/2022\/02\/16177953_1356468011091825_4255513567207308998_o-1-300x300.jpg 300w, https:\/\/www.albadolciaria.com\/wp-content\/uploads\/2022\/02\/16177953_1356468011091825_4255513567207308998_o-1-150x150.jpg 150w\" sizes=\"auto, (max-width: 715px) 100vw, 715px\" \/><\/figure><\/div>\n","protected":false},"excerpt":{"rendered":"<p>La&nbsp;PASTICCERIA ALBA&nbsp;dal 1960 produce artigianalmente prodotti dolciari da pasticceria, preparati con ingredienti naturali e genuini per garantire la loro fragranza; puoi trovare un vasto assortimento di pasticceria classica italiana e dolci tipici viterbesi, pasticceria salata per rinfreschi, semifreddi, torte nuziali, pralineria e biscotteria, tutto di produzione propria. Nella nostra&nbsp;Pasticceria&nbsp;ogni giorno&#8230;<\/p>\n<p class=\"continue-reading-button\"> <a class=\"continue-reading-link\" href=\"https:\/\/www.albadolciaria.com\/index.php\/chi-siamo\/\">Continue reading<i class=\"crycon-right-dir\"><\/i><\/a><\/p>\n","protected":false},"author":1,"featured_media":0,"parent":0,"menu_order":0,"comment_status":"closed","ping_status":"closed","template":"","meta":{"footnotes":""},"class_list":["post-6","page","type-page","status-publish","hentry"],"_links":{"self":[{"href":"https:\/\/www.albadolciaria.com\/index.php\/wp-json\/wp\/v2\/pages\/6","targetHints":{"allow":["GET"]}}],"collection":[{"href":"https:\/\/www.albadolciaria.com\/index.php\/wp-json\/wp\/v2\/pages"}],"about":[{"href":"https:\/\/www.albadolciaria.com\/index.php\/wp-json\/wp\/v2\/types\/page"}],"author":[{"embeddable":true,"href":"https:\/\/www.albadolciaria.com\/index.php\/wp-json\/wp\/v2\/users\/1"}],"replies":[{"embeddable":true,"href":"https:\/\/www.albadolciaria.com\/index.php\/wp-json\/wp\/v2\/comments?post=6"}],"version-history":[{"count":4,"href":"https:\/\/www.albadolciaria.com\/index.php\/wp-json\/wp\/v2\/pages\/6\/revisions"}],"predecessor-version":[{"id":77,"href":"https:\/\/www.albadolciaria.com\/index.php\/wp-json\/wp\/v2\/pages\/6\/revisions\/77"}],"wp:attachment":[{"href":"https:\/\/www.albadolciaria.com\/index.php\/wp-json\/wp\/v2\/media?parent=6"}],"curies":[{"name":"wp","href":"https:\/\/api.w.org\/{rel}","templated":true}]}}