{"id":88,"date":"2022-03-25T15:28:21","date_gmt":"2022-03-25T14:28:21","guid":{"rendered":"http:\/\/www.albadolciaria.com\/?page_id=88"},"modified":"2022-03-28T15:48:06","modified_gmt":"2022-03-28T13:48:06","slug":"lievito-madre","status":"publish","type":"page","link":"https:\/\/www.albadolciaria.com\/index.php\/lievito-madre\/","title":{"rendered":"Lievito Madre"},"content":{"rendered":"\n<p><em>&#8220;ERA IL 1954 QUANDO NOSTRO PADRE ANTONIO CRE\u00d2 QUESTO SPLENDIDO FIORE CHE \u00c8 IL LIEVITO MADRE DIVENENDO IL PRIMO PASTICCERE ARTIGIANO VITERBESE A SFRUTTARNE LE SUE PROPRIET\u00c0.<\/em><\/p>\n\n\n\n<p><em>A DISTANZA DI ANNI OGGI LA SUA PASSIONE, CHE CI HA TRASMESSO, LA STIAMO PORTANDO AVANTI NOI FIGLI CON DEVOZIONE E SACRIFICIO CURANDOLO TUTTO L&#8217;ANNO E LUI CI PREMIA DONANDOCI DEI PRODOTTI FANTASTICI COME IL &#8220;PANSUCCHIO&#8221; E, ULTIMO ARRIVATO, IL &#8220;PANALLEGRO&#8221; (DISPONIBILE TUTTO L&#8217;ANNO)&#8221;<\/em><\/p>\n\n\n\n<p><em>I Fratelli Fiorentini<\/em><\/p>\n\n\n\n<p><\/p>\n\n\n\n<p><em>N.B. TUTTE LE DOMENICHE POTETE TROVARE IL NOSTRO PANE CALDO CON FARINE BIOLOGICHE DAL GUSTO INIMITABILE, SAPORI DI UNA VOLTA, POTETE PRENOTARLO TELEFONANDO ALLO 0761\/250773.<\/em><\/p>\n\n\n\n<p><em>PROVATELO E NON VE NE PENTIRETE!<\/em><\/p>\n\n\n\n<div class=\"wp-block-image\"><figure class=\"aligncenter size-large is-resized\"><img loading=\"lazy\" decoding=\"async\" src=\"http:\/\/www.albadolciaria.com\/wp-content\/uploads\/2022\/03\/lievitomadreok-1-768x1024.jpg\" alt=\"\" class=\"wp-image-101\" width=\"576\" height=\"768\" srcset=\"https:\/\/www.albadolciaria.com\/wp-content\/uploads\/2022\/03\/lievitomadreok-1-768x1024.jpg 768w, https:\/\/www.albadolciaria.com\/wp-content\/uploads\/2022\/03\/lievitomadreok-1-225x300.jpg 225w, https:\/\/www.albadolciaria.com\/wp-content\/uploads\/2022\/03\/lievitomadreok-1-1152x1536.jpg 1152w, https:\/\/www.albadolciaria.com\/wp-content\/uploads\/2022\/03\/lievitomadreok-1-113x150.jpg 113w, https:\/\/www.albadolciaria.com\/wp-content\/uploads\/2022\/03\/lievitomadreok-1.jpg 1500w\" sizes=\"auto, (max-width: 576px) 100vw, 576px\" \/><\/figure><\/div>\n\n\n\n\n\n<p><\/p>\n","protected":false},"excerpt":{"rendered":"<p>&#8220;ERA IL 1954 QUANDO NOSTRO PADRE ANTONIO CRE\u00d2 QUESTO SPLENDIDO FIORE CHE \u00c8 IL LIEVITO MADRE DIVENENDO IL PRIMO PASTICCERE ARTIGIANO VITERBESE A SFRUTTARNE LE SUE PROPRIET\u00c0. A DISTANZA DI ANNI OGGI LA SUA PASSIONE, CHE CI HA TRASMESSO, LA STIAMO PORTANDO AVANTI NOI FIGLI CON DEVOZIONE E SACRIFICIO CURANDOLO&#8230;<\/p>\n<p class=\"continue-reading-button\"> <a class=\"continue-reading-link\" href=\"https:\/\/www.albadolciaria.com\/index.php\/lievito-madre\/\">Continue reading<i class=\"crycon-right-dir\"><\/i><\/a><\/p>\n","protected":false},"author":1,"featured_media":0,"parent":0,"menu_order":0,"comment_status":"closed","ping_status":"closed","template":"","meta":{"footnotes":""},"class_list":["post-88","page","type-page","status-publish","hentry"],"_links":{"self":[{"href":"https:\/\/www.albadolciaria.com\/index.php\/wp-json\/wp\/v2\/pages\/88","targetHints":{"allow":["GET"]}}],"collection":[{"href":"https:\/\/www.albadolciaria.com\/index.php\/wp-json\/wp\/v2\/pages"}],"about":[{"href":"https:\/\/www.albadolciaria.com\/index.php\/wp-json\/wp\/v2\/types\/page"}],"author":[{"embeddable":true,"href":"https:\/\/www.albadolciaria.com\/index.php\/wp-json\/wp\/v2\/users\/1"}],"replies":[{"embeddable":true,"href":"https:\/\/www.albadolciaria.com\/index.php\/wp-json\/wp\/v2\/comments?post=88"}],"version-history":[{"count":6,"href":"https:\/\/www.albadolciaria.com\/index.php\/wp-json\/wp\/v2\/pages\/88\/revisions"}],"predecessor-version":[{"id":106,"href":"https:\/\/www.albadolciaria.com\/index.php\/wp-json\/wp\/v2\/pages\/88\/revisions\/106"}],"wp:attachment":[{"href":"https:\/\/www.albadolciaria.com\/index.php\/wp-json\/wp\/v2\/media?parent=88"}],"curies":[{"name":"wp","href":"https:\/\/api.w.org\/{rel}","templated":true}]}}